{"id":3367,"date":"2021-11-11T09:37:57","date_gmt":"2021-11-11T09:37:57","guid":{"rendered":"https:\/\/tessared.com\/?page_id=3367"},"modified":"2021-11-11T13:35:20","modified_gmt":"2021-11-11T13:35:20","slug":"elena-ripamonti","status":"publish","type":"page","link":"https:\/\/tessared.com\/en\/elena-ripamonti\/","title":{"rendered":"Elena Ripamonti"},"content":{"rendered":"<div id=\"home\"  data-column-margin=\"90px\" data-midnight=\"dark\" data-top-percent=\"6%\" data-bottom-percent=\"2%\"  class=\"wpb_row vc_row-fluid vc_row full-width-section has-row-bg-color vc_row-o-equal-height vc_row-flex vc_row-o-content-middle  reverse_columns_column_tablet reverse_columns_column_phone top_padding_tablet_8pct bottom_padding_tablet_8pct\"  style=\"padding-top: calc(100vw * 0.06); padding-bottom: calc(100vw * 0.02); --row-bg-color: #ffffff;\"><div class=\"row-bg-wrap\" data-bg-animation=\"none\" data-bg-animation-delay=\"\" data-bg-overlay=\"false\"><div class=\"inner-wrap row-bg-layer\" ><div class=\"row-bg viewport-desktop using-bg-color\"  style=\"background-color: #ffffff; \"><\/div><\/div><\/div><div class=\"row_col_wrap_12 col span_12 dark left\">\n\t<div style=\"\" class=\"vc_col-sm-6 vc_col-xs-12 wpb_column column_container vc_column_container col no-extra-padding inherit_tablet inherit_phone\" data-using-bg=\"true\" data-bg-cover=\"true\" data-padding-pos=\"all\" data-has-bg-color=\"false\" data-bg-color=\"\" data-bg-opacity=\"1\" data-animation=\"\" data-delay=\"0\" >\n\t\t<div class=\"vc_column-inner\" ><div class=\"column-image-bg-wrap column-bg-layer viewport-desktop\" data-bg-pos=\"center top\" data-bg-animation=\"none\" data-bg-overlay=\"false\"><div class=\"inner-wrap\"><div class=\"column-image-bg\" style=\" background-image: url('https:\/\/tessared.com\/wp-content\/uploads\/2021\/11\/cropped-cropped-FaviconTessa.jpg'); \"><\/div><\/div><\/div>\n\t\t\t<div class=\"wpb_wrapper\">\n\t\t\t\t\n\t\t\t<\/div> \n\t\t<\/div>\n\t<\/div> \n\n\t<div style=\"z-index: 100; \" class=\"vc_col-sm-6 vc_col-xs-12 wpb_column column_container vc_column_container col padding-4-percent el_spacing_10px no-extra-padding_tablet no-extra-padding_phone\"  data-padding-pos=\"right\" data-has-bg-color=\"false\" data-bg-color=\"\" data-bg-opacity=\"1\" data-animation=\"\" data-delay=\"0\" >\n\t\t<div class=\"vc_column-inner\" >\n\t\t\t<div class=\"wpb_wrapper\">\n\t\t\t\t<div id=\"fws_69f3d4b902566\" data-midnight=\"\" data-column-margin=\"default\" class=\"wpb_row vc_row-fluid vc_row inner_row\"  style=\"\"><div class=\"row-bg-wrap\"> <div class=\"row-bg\" ><\/div> <\/div><div class=\"row_col_wrap_12_inner col span_12  left\">\n\t<div  class=\"vc_col-sm-12 wpb_column column_container vc_column_container col child_column has-animation no-extra-padding el_spacing_5px inherit_tablet inherit_phone\"   data-padding-pos=\"all\" data-has-bg-color=\"false\" data-bg-color=\"\" data-bg-opacity=\"1\" data-animation=\"fade-in-from-bottom\" data-delay=\"0\" >\n\t\t<div class=\"vc_column-inner\" >\n\t\t<div class=\"wpb_wrapper\">\n\t\t\t\n<div class=\"wpb_text_column wpb_content_element  vc_custom_1636623443374\" >\n\t<h3>Elena Ripamonti<\/h3>\n<h5><em>Lorem<\/em><\/h5>\n<\/div>\n\n\n\n\n\t\t<\/div> \n\t<\/div>\n\t<\/div> \n<\/div><\/div><div id=\"fws_69f3d4b9031cc\" data-midnight=\"\" data-column-margin=\"default\" class=\"wpb_row vc_row-fluid vc_row inner_row\"  style=\"\"><div class=\"row-bg-wrap\"> <div class=\"row-bg\" ><\/div> <\/div><div class=\"row_col_wrap_12_inner col span_12  left\">\n\t<div  class=\"vc_col-sm-12 wpb_column column_container vc_column_container col child_column has-animation no-extra-padding el_spacing_5px inherit_tablet inherit_phone\"   data-padding-pos=\"all\" data-has-bg-color=\"false\" data-bg-color=\"\" data-bg-opacity=\"1\" data-animation=\"fade-in-from-bottom\" data-delay=\"0\" >\n\t\t<div class=\"vc_column-inner\" >\n\t\t<div class=\"wpb_wrapper\">\n\t\t\t\n<div class=\"wpb_text_column wpb_content_element\" >\n\t<p>Cultura, innovazione, ascolto, leadership. Ecco le mie parole chiave, che sono il filo conduttore del mio cammino: psicologa del lavoro, consulente organizzativo, esperta di aziende familiari e coach.<\/p>\n<p>Al centro della mia esperienza di vita c\u2019\u00e8 l\u2019umano, nella molteplicit\u00e0 delle sue espressioni, nella variet\u00e0 delle loro connessioni per questo l\u2019approccio che adotto \u00e8 sistemico.<\/p>\n<p>Il mio obiettivo, che \u00e8 poi anche la mia passione, \u00e8 supportare persone e organizzazioni nel raggiungere i propri obiettivi, migliorare la capacit\u00e0 di raggiungere risultati sostenibili e, attraverso percorsi di potenziamento, contribuire alla crescita delle competenze e alla possibilit\u00e0 di far emergere potenzialit\u00e0 ancora inespresse.<\/p>\n<p>Ho maturato la mia esperienza in multinazionali di diversi settori e complessit\u00e0, per approdare alla consulenza dedicata alle aziende familiari.<\/p>\n<p>Nel mio lavoro metto creativit\u00e0, energia, attenzione ai dettagli. Mi piace esplorare l\u2019inedito e ricercare nuove soluzioni ascoltando le storie delle persone, conoscere il loro percorso e le loro passioni.<\/p>\n<p>Il mio verbo \u00e8 viaggiare. \u00c8 nei viaggi che ho imparato a guardare il mondo da prospettive diverse e, attraverso lo sguardo degli altri, anche a comprendere sempre pi\u00f9 profondamente me stessa.<\/p>\n<\/div>\n\n\n\n<div class=\"divider-wrap\" data-alignment=\"default\"><div style=\"height: 40px;\" class=\"divider\"><\/div><\/div><a class=\"nectar-button small regular accent-color  regular-button\"  role=\"button\" style=\"\"  href=\"https:\/\/tessared.com\/en\/tessa03\/#team\" data-color-override=\"false\" data-hover-color-override=\"false\" data-hover-text-color-override=\"#fff\"><span>IL TEAM<\/span><\/a>\n\t\t<\/div> \n\t<\/div>\n\t<\/div> \n<\/div><\/div>\n\t\t\t<\/div> \n\t\t<\/div>\n\t<\/div> \n<\/div><\/div>","protected":false},"excerpt":{"rendered":"Elena Ripamonti Lorem Cultura, innovazione, ascolto, leadership. Ecco le mie parole chiave, che sono il filo conduttore del mio cammino: psicologa del lavoro, consulente organizzativo, esperta di aziende familiari e...","protected":false},"author":2,"featured_media":0,"parent":0,"menu_order":0,"comment_status":"closed","ping_status":"closed","template":"","meta":{"footnotes":""},"class_list":["post-3367","page","type-page","status-publish"],"yoast_head":"<!-- This site is optimized with the Yoast SEO plugin v27.3 - https:\/\/yoast.com\/product\/yoast-seo-wordpress\/ -->\n<title>Elena Ripamonti - tessa<\/title>\n<meta name=\"robots\" content=\"index, follow, max-snippet:-1, max-image-preview:large, max-video-preview:-1\" \/>\n<link rel=\"canonical\" href=\"https:\/\/tessared.com\/en\/elena-ripamonti\/\" \/>\n<meta property=\"og:locale\" content=\"en_GB\" \/>\n<meta property=\"og:type\" content=\"article\" \/>\n<meta property=\"og:title\" content=\"Elena Ripamonti - tessa\" \/>\n<meta property=\"og:url\" content=\"https:\/\/tessared.com\/en\/elena-ripamonti\/\" \/>\n<meta property=\"og:site_name\" content=\"tessa\" \/>\n<meta property=\"article:modified_time\" content=\"2021-11-11T13:35:20+00:00\" \/>\n<meta name=\"twitter:card\" content=\"summary_large_image\" \/>\n<meta name=\"twitter:label1\" content=\"Estimated reading time\" \/>\n\t<meta name=\"twitter:data1\" content=\"4 minutes\" \/>\n<script type=\"application\/ld+json\" class=\"yoast-schema-graph\">{\"@context\":\"https:\\\/\\\/schema.org\",\"@graph\":[{\"@type\":\"WebPage\",\"@id\":\"https:\\\/\\\/tessared.com\\\/elena-ripamonti\\\/\",\"url\":\"https:\\\/\\\/tessared.com\\\/elena-ripamonti\\\/\",\"name\":\"Elena Ripamonti - tessa\",\"isPartOf\":{\"@id\":\"https:\\\/\\\/tessared.com\\\/#website\"},\"datePublished\":\"2021-11-11T09:37:57+00:00\",\"dateModified\":\"2021-11-11T13:35:20+00:00\",\"breadcrumb\":{\"@id\":\"https:\\\/\\\/tessared.com\\\/elena-ripamonti\\\/#breadcrumb\"},\"inLanguage\":\"en-GB\",\"potentialAction\":[{\"@type\":\"ReadAction\",\"target\":[\"https:\\\/\\\/tessared.com\\\/elena-ripamonti\\\/\"]}]},{\"@type\":\"BreadcrumbList\",\"@id\":\"https:\\\/\\\/tessared.com\\\/elena-ripamonti\\\/#breadcrumb\",\"itemListElement\":[{\"@type\":\"ListItem\",\"position\":1,\"name\":\"Home\",\"item\":\"https:\\\/\\\/tessared.com\\\/\"},{\"@type\":\"ListItem\",\"position\":2,\"name\":\"Elena Ripamonti\"}]},{\"@type\":\"WebSite\",\"@id\":\"https:\\\/\\\/tessared.com\\\/#website\",\"url\":\"https:\\\/\\\/tessared.com\\\/\",\"name\":\"tessa\",\"description\":\"relation design\",\"potentialAction\":[{\"@type\":\"SearchAction\",\"target\":{\"@type\":\"EntryPoint\",\"urlTemplate\":\"https:\\\/\\\/tessared.com\\\/?s={search_term_string}\"},\"query-input\":{\"@type\":\"PropertyValueSpecification\",\"valueRequired\":true,\"valueName\":\"search_term_string\"}}],\"inLanguage\":\"en-GB\"}]}<\/script>\n<!-- \/ Yoast SEO plugin. -->","yoast_head_json":{"title":"Elena Ripamonti - tessa","robots":{"index":"index","follow":"follow","max-snippet":"max-snippet:-1","max-image-preview":"max-image-preview:large","max-video-preview":"max-video-preview:-1"},"canonical":"https:\/\/tessared.com\/en\/elena-ripamonti\/","og_locale":"en_GB","og_type":"article","og_title":"Elena Ripamonti - tessa","og_url":"https:\/\/tessared.com\/en\/elena-ripamonti\/","og_site_name":"tessa","article_modified_time":"2021-11-11T13:35:20+00:00","twitter_card":"summary_large_image","twitter_misc":{"Estimated reading time":"4 minutes"},"schema":{"@context":"https:\/\/schema.org","@graph":[{"@type":"WebPage","@id":"https:\/\/tessared.com\/elena-ripamonti\/","url":"https:\/\/tessared.com\/elena-ripamonti\/","name":"Elena Ripamonti - tessa","isPartOf":{"@id":"https:\/\/tessared.com\/#website"},"datePublished":"2021-11-11T09:37:57+00:00","dateModified":"2021-11-11T13:35:20+00:00","breadcrumb":{"@id":"https:\/\/tessared.com\/elena-ripamonti\/#breadcrumb"},"inLanguage":"en-GB","potentialAction":[{"@type":"ReadAction","target":["https:\/\/tessared.com\/elena-ripamonti\/"]}]},{"@type":"BreadcrumbList","@id":"https:\/\/tessared.com\/elena-ripamonti\/#breadcrumb","itemListElement":[{"@type":"ListItem","position":1,"name":"Home","item":"https:\/\/tessared.com\/"},{"@type":"ListItem","position":2,"name":"Elena Ripamonti"}]},{"@type":"WebSite","@id":"https:\/\/tessared.com\/#website","url":"https:\/\/tessared.com\/","name":"tessa","description":"relation design","potentialAction":[{"@type":"SearchAction","target":{"@type":"EntryPoint","urlTemplate":"https:\/\/tessared.com\/?s={search_term_string}"},"query-input":{"@type":"PropertyValueSpecification","valueRequired":true,"valueName":"search_term_string"}}],"inLanguage":"en-GB"}]}},"_links":{"self":[{"href":"https:\/\/tessared.com\/en\/wp-json\/wp\/v2\/pages\/3367","targetHints":{"allow":["GET"]}}],"collection":[{"href":"https:\/\/tessared.com\/en\/wp-json\/wp\/v2\/pages"}],"about":[{"href":"https:\/\/tessared.com\/en\/wp-json\/wp\/v2\/types\/page"}],"author":[{"embeddable":true,"href":"https:\/\/tessared.com\/en\/wp-json\/wp\/v2\/users\/2"}],"replies":[{"embeddable":true,"href":"https:\/\/tessared.com\/en\/wp-json\/wp\/v2\/comments?post=3367"}],"version-history":[{"count":3,"href":"https:\/\/tessared.com\/en\/wp-json\/wp\/v2\/pages\/3367\/revisions"}],"predecessor-version":[{"id":3382,"href":"https:\/\/tessared.com\/en\/wp-json\/wp\/v2\/pages\/3367\/revisions\/3382"}],"wp:attachment":[{"href":"https:\/\/tessared.com\/en\/wp-json\/wp\/v2\/media?parent=3367"}],"curies":[{"name":"wp","href":"https:\/\/api.w.org\/{rel}","templated":true}]}}